{"id":1478,"date":"2023-05-29T12:02:44","date_gmt":"2023-05-29T12:02:44","guid":{"rendered":"https:\/\/roletypoziome.pl\/?post_type=product&#038;p=1478"},"modified":"2023-06-14T15:21:22","modified_gmt":"2023-06-14T15:21:22","slug":"premium-horizontal-roman-blind","status":"publish","type":"product","link":"https:\/\/roletypoziome.pl\/en\/product\/premium-horizontal-roman-blind\/","title":{"rendered":"Premium horizontal Roman blind"},"content":{"rendered":"<p>[et_pb_section fb_built=&#8221;1&#8243; _builder_version=&#8221;4.16&#8243; custom_padding=&#8221;0px||||false|false&#8221; global_colors_info=&#8221;{}&#8221;][et_pb_row column_structure=&#8221;1_2,1_2&#8243; _builder_version=&#8221;4.16&#8243; background_size=&#8221;initial&#8221; background_position=&#8221;top_left&#8221; background_repeat=&#8221;repeat&#8221; width=&#8221;100%&#8221; custom_padding=&#8221;0px||||false|false&#8221; global_colors_info=&#8221;{}&#8221;][et_pb_column type=&#8221;1_2&#8243; _builder_version=&#8221;4.16&#8243; custom_padding=&#8221;|||&#8221; global_colors_info=&#8221;{}&#8221; custom_padding__hover=&#8221;|||&#8221;][et_pb_wc_images _builder_version=&#8221;4.16&#8243; global_colors_info=&#8221;{}&#8221;][\/et_pb_wc_images][\/et_pb_column][et_pb_column type=&#8221;1_2&#8243; _builder_version=&#8221;4.16&#8243; custom_padding=&#8221;|||&#8221; global_colors_info=&#8221;{}&#8221; custom_padding__hover=&#8221;|||&#8221;][et_pb_wc_title _builder_version=&#8221;4.16&#8243; header_font=&#8221;Prata||||||||&#8221; header_text_color=&#8221;#000000&#8243; header_font_size=&#8221;38px&#8221; global_colors_info=&#8221;{}&#8221;][\/et_pb_wc_title][et_pb_wc_description _builder_version=&#8221;4.16&#8243; body_font=&#8221;Poppins||||||||&#8221; body_text_color=&#8221;rgba(0,0,0,0.84)&#8221; global_colors_info=&#8221;{}&#8221;][\/et_pb_wc_description][et_pb_wc_add_to_cart _builder_version=&#8221;4.16&#8243; global_colors_info=&#8221;{}&#8221;][\/et_pb_wc_add_to_cart][et_pb_wc_meta _builder_version=&#8221;4.16&#8243; global_colors_info=&#8221;{}&#8221;][\/et_pb_wc_meta][\/et_pb_column][\/et_pb_row][et_pb_row _builder_version=&#8221;4.16&#8243; background_size=&#8221;initial&#8221; background_position=&#8221;top_left&#8221; background_repeat=&#8221;repeat&#8221; width=&#8221;100%&#8221; global_colors_info=&#8221;{}&#8221;][et_pb_column type=&#8221;4_4&#8243; _builder_version=&#8221;4.16&#8243; custom_padding=&#8221;|||&#8221; global_colors_info=&#8221;{}&#8221; custom_padding__hover=&#8221;|||&#8221;][et_pb_wc_tabs _builder_version=&#8221;4.16&#8243; global_colors_info=&#8221;{}&#8221;]\t\t\t\t\t[\/et_pb_wc_tabs][et_pb_wc_upsells _builder_version=&#8221;4.16&#8243; global_colors_info=&#8221;{}&#8221;][\/et_pb_wc_upsells][et_pb_wc_related_products _builder_version=&#8221;4.16&#8243; global_colors_info=&#8221;{}&#8221;][\/et_pb_wc_related_products][\/et_pb_column][\/et_pb_row][\/et_pb_section]<\/p>","protected":false},"excerpt":{"rendered":"<p class=\"p1 translation-block\"><b>Premium horizontal roman blinds <strong>sliding sliding canopies solar sails made to measure in Poland. <\/strong><\/b><b><strong>Protecting against UV rays and protecting against rain:<\/strong><\/b><\/p>\n<ul class=\"ul1\">\n<li class=\"li1\">They protect against UV sun rays<\/li>\n<li class=\"li1\">They protect against rain<span class=\"Apple-converted-space\">\u00a0<\/span><\/li>\n<li>Waterproof<\/li>\n<li class=\"li1\">Roller blinds give a pleasant feeling of coolness,<\/li>\n<li class=\"li1\">Dzi\u0119ki funkcj\u0119 zwijania i rozwijania pozwalaj\u0105 dostosowa\u0107 si\u0119 do sytuacji porodowej<\/li>\n<li class=\"li1\">They are a stylish decorative and decorative element of any gazebo or pergola terrace<span class=\"Apple-converted-space\">\u00a0<\/span><\/li>\n<li class=\"li1 translation-block\"><span class=\"s1\"> <\/span> <span class=\"Apple-converted-space\"> <span> <\/span> <\/span> curtains, which can be ordered together with a complete set, also protect against wind.<\/li>\n<li class=\"li1\">The fabric is characterized by a very high resistance to abrasions, abrasions and stretching. It is perfect where lightness is needed in combination with resistance to water and mechanical damage.<\/li>\n<\/ul>","protected":false},"featured_media":1430,"template":"","meta":{"_et_pb_use_builder":"on","_et_pb_old_content":"<p class=\"p1\"><b>Rolety rzymskie poziome\u00a0<strong>przesuwane rozsuwane zadaszenia \u017cagle s\u0142oneczne produkowane w Polsce na wymiar.<\/strong><\/b><b><strong>Chroni\u0105ce od promieni UV oraz chroni\u0105ce przed deszczem:<\/strong><\/b><\/p>\r\n\r\n<ul class=\"ul1\">\r\n \t<li class=\"li1\">Chroni\u0105 przed promieniami s\u0142onecznymi UV<\/li>\r\n \t<li class=\"li1\">Chroni\u0105 przed deszczem<\/li>\r\n \t<li>Wodoodporne<\/li>\r\n \t<li class=\"li1\">Rolety daj\u0105 uczucie przyjemnego ch\u0142odu,<\/li>\r\n \t<li class=\"li1\">Dzi\u0119ki funkcj\u0119 zwijania i rozwijania pozwalaj\u0105 dostosowa\u0107 si\u0119 do sytuacji porodowej<\/li>\r\n \t<li class=\"li1\">Stanowi\u0105 stylowy akcent dekoracyjny i ozdobny ka\u017cdego tarasu altany czy pergoli<span class=\"Apple-converted-space\">\u00a0<\/span><\/li>\r\n \t<li class=\"li1\">Zas\u0142ony<span class=\"Apple-converted-space\">\u00a0\u00a0<\/span>kt\u00f3re mo\u017cna zam\u00f3wi\u0107 do kompletu chroni\u0105 r\u00f3wnie\u017c przed wiatrem.<\/li>\r\n \t<li class=\"li1\">Tkanina charakteryzuje si\u0119 bardzo du\u017c\u0105 wytrzyma\u0142o\u015bci\u0105 na przetarcia otarcia oraz rozci\u0105ganie. \u015awietnie sprawdza si\u0119 tam gdzie potrzeba lekko\u015bci w po\u0142\u0105czeniu z odporno\u015bci\u0105 na dzia\u0142anie wody oraz uszkodzenia mechaniczne.<\/li>\r\n<\/ul>\r\n<p class=\"p1\"><b>Rolety poziome s\u0105 idealne do zacienienie taras\u00f3w, altan, pergoli oraz balkon\u00f3w.<\/b><\/p>\r\n<p class=\"p1\"><b>Rolety poziome<\/b> szyjemy na wymiar dla ka\u017cdego klienta. Tkanina typu premium 250 g\/m<sup>2<\/sup> powleczona poliuretanem<span class=\"Apple-converted-space\">\u00a0\u00a0<\/span>przed s\u0142o\u0144cem i deszczem. Sk\u0142ad surowcowy tkaniny to \u2013 poliester 100%. Rolety s\u0105 oferowane wraz z systemem monta\u017cowym do wybranego pod\u0142o\u017ca: drewno, metal lub mur. Poziome przeszycia s\u0105 wykonane co oko\u0142o 28 cm wraz z poziomymi tunelami w kt\u00f3re opcjonalnie wk\u0142adane usztywniaj\u0105ce konstrukcje rurki aluminiowej. Rolety w rozmiarach do 2,5 m szeroko\u015bci nie potrzebuj\u0105 wzmacniania wi\u0119ksze natomiast polecamy zamawia\u0107 wraz ze wzmocnieniem konstrukcji rolety. Roleta jest <b>rozsuwana za pomoc\u0105 pask\u00f3w<\/b>\u00a0przyszytych na ko\u0144cu materia\u0142u.<\/p>\r\n<p class=\"p1\"><b>Czy wyr\u00f3\u017cniaj\u0105 si\u0119 nasze rolety rzymskie poziome?:\u00a0<\/b><\/p>\r\n\r\n<ul class=\"ul1\">\r\n \t<li class=\"li1\">wykonany s\u0105 z mocnej tkaniny typu premium 250g \/m2<\/li>\r\n \t<li class=\"li1\"><b>nasze rolety sprzedawane s\u0105 wraz z zestawem monta\u017cowym - otrzymujesz gotowy zestaw do monta\u017cu,<\/b><\/li>\r\n \t<li class=\"li1\">produkt jest obszyty specjalnymi ni\u0107mi, a kraw\u0119dzie\u00a0mocuj\u0105ce zosta\u0142y dodatkowo wzmocnione,<\/li>\r\n \t<li class=\"li1\">4 kolory do wyboru: kremowy, jasny popiel, jasny szary, szary dost\u0119pne od r\u0119ki oraz ponad 40 kolor\u00f3w dost\u0119pnych na zam\u00f3wienie,<\/li>\r\n \t<li class=\"li1\">Mo\u017cliwo\u015b\u0107 podzielenia 1 obszaru rolety na kilka cz\u0119\u015bci celem pe\u0142nego zarz\u0105dzania s\u0142o\u0144cem na tarasie,<\/li>\r\n \t<li class=\"li1\">mo\u017cliwo\u015b\u0107 \u0142atwego rozsuwania i zsuwania,<\/li>\r\n \t<li class=\"li1\">ochrona przed promieniowaniem UV i wiatrem,<\/li>\r\n \t<li class=\"li1\">mo\u017cliwo\u015b\u0107 prania w pralce automatycznej,<\/li>\r\n \t<li class=\"li1\">presti\u017cowy i nowoczesny wygl\u0105d,<\/li>\r\n \t<li class=\"li1\">wyprodukowany r\u0119cznie w Polsce,<\/li>\r\n \t<li class=\"li1\">du\u017ca odporno\u015b\u0107 na czynniki zewn\u0119trzne \u2013 deszcz, wiatr, promieniowanie UV,<\/li>\r\n \t<li class=\"li1\">\u0142atwo\u015b\u0107 i szybko\u015b\u0107 monta\u017cu, demonta\u017cu.<\/li>\r\n<\/ul>\r\n<p class=\"p1\"><b>Jak zam\u00f3wi\u0107 rol\u0119 rzymsk\u0105 na wymiar ?<\/b><\/p>\r\n\r\n<ol class=\"ol1\">\r\n \t<li class=\"li1\">Wybierz kolor.<\/li>\r\n \t<li class=\"li1\">Wybierz szeroko\u015b\u0107.<\/li>\r\n \t<li class=\"li1\">Wybierz d\u0142ugo\u015b\u0107 (kierunek w kt\u00f3rym b\u0119dzie si\u0119 rozsuwa\u0142 materia\u0142).<\/li>\r\n \t<li class=\"li1\">Mo\u017cesz do\u0142\u0105czy\u0107 specyfikacj\u0119\/wz\u00f3r\/zdj\u0119cie, kt\u00f3re pomo\u017ce nam w realizacji zam\u00f3wienia.<\/li>\r\n<\/ol>","_et_gb_content_width":""},"product_brand":[],"product_cat":[24,25],"product_tag":[27,36,26,28],"class_list":{"0":"post-1478","1":"product","2":"type-product","3":"status-publish","4":"has-post-thumbnail","6":"product_cat-rolety","7":"product_cat-rzymskie","8":"product_tag-pozioma","9":"product_tag-premium","10":"product_tag-roleta","11":"product_tag-rzymska","13":"first","14":"instock","15":"shipping-taxable","16":"purchasable","17":"product-type-variable"},"yoast_head":"<!-- This site is optimized with the Yoast SEO plugin v25.0 - https:\/\/yoast.com\/wordpress\/plugins\/seo\/ -->\n<title>Premium horizontal Roman blind - Rolety poziome rzymskie rozwijane rozsuwane dachy pergotendy Level Rafa\u0142 Krymski<\/title>\n<meta name=\"robots\" content=\"index, follow, max-snippet:-1, max-image-preview:large, max-video-preview:-1\" \/>\n<link rel=\"canonical\" href=\"https:\/\/roletypoziome.pl\/en\/product\/premium-horizontal-roman-blind\/\" \/>\n<meta property=\"og:locale\" content=\"en_GB\" \/>\n<meta property=\"og:type\" content=\"article\" \/>\n<meta property=\"og:title\" content=\"Premium horizontal Roman blind - Rolety poziome rzymskie rozwijane rozsuwane dachy pergotendy Level Rafa\u0142 Krymski\" \/>\n<meta property=\"og:description\" content=\"Rolety rzymskie poziome premium przesuwane rozsuwane zadaszenia \u017cagle s\u0142oneczne produkowane w Polsce na wymiar. Chroni\u0105ce od promieni UV oraz chroni\u0105ce przed deszczem:    Chroni\u0105 przed promieniami s\u0142onecznymi UV  Chroni\u0105 przed deszczem\u00a0  Wodoodporne  Rolety daj\u0105 uczucie przyjemnego ch\u0142odu,  Dzi\u0119ki funkcj\u0119 zwijania i rozwijania pozwalaj\u0105 dostosowa\u0107 si\u0119 do sytuacji porodowej  Stanowi\u0105 stylowy akcent dekoracyjny i ozdobny ka\u017cdego tarasu altany czy pergoli\u00a0  Zas\u0142ony\u00a0\u00a0kt\u00f3re mo\u017cna zam\u00f3wi\u0107 do kompletu chroni\u0105 r\u00f3wnie\u017c przed wiatrem.  Tkanina charakteryzuje si\u0119 bardzo du\u017c\u0105 wytrzyma\u0142o\u015bci\u0105 na przetarcia otarcia oraz rozci\u0105ganie. \u015awietnie sprawdza si\u0119 tam gdzie potrzeba lekko\u015bci w po\u0142\u0105czeniu z odporno\u015bci\u0105 na dzia\u0142anie wody oraz uszkodzenia mechaniczne.\" \/>\n<meta property=\"og:url\" content=\"https:\/\/roletypoziome.pl\/en\/product\/premium-horizontal-roman-blind\/\" \/>\n<meta property=\"og:site_name\" content=\"Rolety poziome rzymskie rozwijane rozsuwane dachy pergotendy Level Rafa\u0142 Krymski\" \/>\n<meta property=\"article:modified_time\" content=\"2023-06-14T15:21:22+00:00\" \/>\n<meta property=\"og:image\" content=\"https:\/\/roletypoziome.pl\/wp-content\/uploads\/2023\/05\/roleta-rzymska-pozioma-premium-1.jpeg\" \/>\n\t<meta property=\"og:image:width\" content=\"600\" \/>\n\t<meta property=\"og:image:height\" content=\"600\" \/>\n\t<meta property=\"og:image:type\" content=\"image\/jpeg\" \/>\n<meta name=\"twitter:card\" content=\"summary_large_image\" \/>\n<meta name=\"twitter:label1\" content=\"Estimated reading time\" \/>\n\t<meta name=\"twitter:data1\" content=\"2 minutes\" \/>\n<script type=\"application\/ld+json\" class=\"yoast-schema-graph\">{\"@context\":\"https:\/\/schema.org\",\"@graph\":[{\"@type\":\"WebPage\",\"@id\":\"https:\/\/roletypoziome.pl\/produkt\/premium-horizontal-roman-blind\/\",\"url\":\"https:\/\/roletypoziome.pl\/produkt\/premium-horizontal-roman-blind\/\",\"name\":\"Premium horizontal Roman blind - Rolety poziome rzymskie rozwijane rozsuwane dachy pergotendy Level Rafa\u0142 Krymski\",\"isPartOf\":{\"@id\":\"https:\/\/roletypoziome.pl\/#website\"},\"primaryImageOfPage\":{\"@id\":\"https:\/\/roletypoziome.pl\/produkt\/premium-horizontal-roman-blind\/#primaryimage\"},\"image\":{\"@id\":\"https:\/\/roletypoziome.pl\/produkt\/premium-horizontal-roman-blind\/#primaryimage\"},\"thumbnailUrl\":\"https:\/\/roletypoziome.pl\/wp-content\/uploads\/2023\/05\/roleta-rzymska-pozioma-premium-1.jpeg\",\"datePublished\":\"2023-05-29T12:02:44+00:00\",\"dateModified\":\"2023-06-14T15:21:22+00:00\",\"breadcrumb\":{\"@id\":\"https:\/\/roletypoziome.pl\/produkt\/premium-horizontal-roman-blind\/#breadcrumb\"},\"inLanguage\":\"en-GB\",\"potentialAction\":[{\"@type\":\"ReadAction\",\"target\":[\"https:\/\/roletypoziome.pl\/produkt\/premium-horizontal-roman-blind\/\"]}]},{\"@type\":\"ImageObject\",\"inLanguage\":\"en-GB\",\"@id\":\"https:\/\/roletypoziome.pl\/produkt\/premium-horizontal-roman-blind\/#primaryimage\",\"url\":\"https:\/\/roletypoziome.pl\/wp-content\/uploads\/2023\/05\/roleta-rzymska-pozioma-premium-1.jpeg\",\"contentUrl\":\"https:\/\/roletypoziome.pl\/wp-content\/uploads\/2023\/05\/roleta-rzymska-pozioma-premium-1.jpeg\",\"width\":600,\"height\":600,\"caption\":\"Roleta rzymska pozioma premium\"},{\"@type\":\"BreadcrumbList\",\"@id\":\"https:\/\/roletypoziome.pl\/produkt\/premium-horizontal-roman-blind\/#breadcrumb\",\"itemListElement\":[{\"@type\":\"ListItem\",\"position\":1,\"name\":\"Strona g\u0142\u00f3wna\",\"item\":\"https:\/\/roletypoziome.pl\/\"},{\"@type\":\"ListItem\",\"position\":2,\"name\":\"Sklep\",\"item\":\"https:\/\/roletypoziome.pl\/sklep\/\"},{\"@type\":\"ListItem\",\"position\":3,\"name\":\"Premium horizontal Roman blind\"}]},{\"@type\":\"WebSite\",\"@id\":\"https:\/\/roletypoziome.pl\/#website\",\"url\":\"https:\/\/roletypoziome.pl\/\",\"name\":\"Rolety poziome rzymskie rozwijane rozsuwane dachy pergotendy\",\"description\":\"Rolety poziome rzymskie rozwijane rozsuwane dachy pergotendy Level Rafa\u0142 Krymski\",\"publisher\":{\"@id\":\"https:\/\/roletypoziome.pl\/#organization\"},\"potentialAction\":[{\"@type\":\"SearchAction\",\"target\":{\"@type\":\"EntryPoint\",\"urlTemplate\":\"https:\/\/roletypoziome.pl\/?s={search_term_string}\"},\"query-input\":{\"@type\":\"PropertyValueSpecification\",\"valueRequired\":true,\"valueName\":\"search_term_string\"}}],\"inLanguage\":\"en-GB\"},{\"@type\":\"Organization\",\"@id\":\"https:\/\/roletypoziome.pl\/#organization\",\"name\":\"Rolety poziome rzymskie przesuwane zadaszenia\",\"url\":\"https:\/\/roletypoziome.pl\/\",\"logo\":{\"@type\":\"ImageObject\",\"inLanguage\":\"en-GB\",\"@id\":\"https:\/\/roletypoziome.pl\/#\/schema\/logo\/image\/\",\"url\":\"https:\/\/roletypoziome.pl\/wp-content\/uploads\/2022\/04\/Logo-roletypoziome.pl_.png\",\"contentUrl\":\"https:\/\/roletypoziome.pl\/wp-content\/uploads\/2022\/04\/Logo-roletypoziome.pl_.png\",\"width\":500,\"height\":500,\"caption\":\"Rolety poziome rzymskie przesuwane zadaszenia\"},\"image\":{\"@id\":\"https:\/\/roletypoziome.pl\/#\/schema\/logo\/image\/\"}}]}<\/script>\n<!-- \/ Yoast SEO plugin. -->","yoast_head_json":{"title":"Premium horizontal Roman blind - Rolety poziome rzymskie rozwijane rozsuwane dachy pergotendy Level Rafa\u0142 Krymski","robots":{"index":"index","follow":"follow","max-snippet":"max-snippet:-1","max-image-preview":"max-image-preview:large","max-video-preview":"max-video-preview:-1"},"canonical":"https:\/\/roletypoziome.pl\/en\/product\/premium-horizontal-roman-blind\/","og_locale":"en_GB","og_type":"article","og_title":"Premium horizontal Roman blind - Rolety poziome rzymskie rozwijane rozsuwane dachy pergotendy Level Rafa\u0142 Krymski","og_description":"Rolety rzymskie poziome premium przesuwane rozsuwane zadaszenia \u017cagle s\u0142oneczne produkowane w Polsce na wymiar. Chroni\u0105ce od promieni UV oraz chroni\u0105ce przed deszczem:    Chroni\u0105 przed promieniami s\u0142onecznymi UV  Chroni\u0105 przed deszczem\u00a0  Wodoodporne  Rolety daj\u0105 uczucie przyjemnego ch\u0142odu,  Dzi\u0119ki funkcj\u0119 zwijania i rozwijania pozwalaj\u0105 dostosowa\u0107 si\u0119 do sytuacji porodowej  Stanowi\u0105 stylowy akcent dekoracyjny i ozdobny ka\u017cdego tarasu altany czy pergoli\u00a0  Zas\u0142ony\u00a0\u00a0kt\u00f3re mo\u017cna zam\u00f3wi\u0107 do kompletu chroni\u0105 r\u00f3wnie\u017c przed wiatrem.  Tkanina charakteryzuje si\u0119 bardzo du\u017c\u0105 wytrzyma\u0142o\u015bci\u0105 na przetarcia otarcia oraz rozci\u0105ganie. \u015awietnie sprawdza si\u0119 tam gdzie potrzeba lekko\u015bci w po\u0142\u0105czeniu z odporno\u015bci\u0105 na dzia\u0142anie wody oraz uszkodzenia mechaniczne.","og_url":"https:\/\/roletypoziome.pl\/en\/product\/premium-horizontal-roman-blind\/","og_site_name":"Rolety poziome rzymskie rozwijane rozsuwane dachy pergotendy Level Rafa\u0142 Krymski","article_modified_time":"2023-06-14T15:21:22+00:00","og_image":[{"width":600,"height":600,"url":"https:\/\/roletypoziome.pl\/wp-content\/uploads\/2023\/05\/roleta-rzymska-pozioma-premium-1.jpeg","type":"image\/jpeg"}],"twitter_card":"summary_large_image","twitter_misc":{"Estimated reading time":"2 minutes"},"schema":{"@context":"https:\/\/schema.org","@graph":[{"@type":"WebPage","@id":"https:\/\/roletypoziome.pl\/produkt\/premium-horizontal-roman-blind\/","url":"https:\/\/roletypoziome.pl\/produkt\/premium-horizontal-roman-blind\/","name":"Premium horizontal Roman blind - Rolety poziome rzymskie rozwijane rozsuwane dachy pergotendy Level Rafa\u0142 Krymski","isPartOf":{"@id":"https:\/\/roletypoziome.pl\/#website"},"primaryImageOfPage":{"@id":"https:\/\/roletypoziome.pl\/produkt\/premium-horizontal-roman-blind\/#primaryimage"},"image":{"@id":"https:\/\/roletypoziome.pl\/produkt\/premium-horizontal-roman-blind\/#primaryimage"},"thumbnailUrl":"https:\/\/roletypoziome.pl\/wp-content\/uploads\/2023\/05\/roleta-rzymska-pozioma-premium-1.jpeg","datePublished":"2023-05-29T12:02:44+00:00","dateModified":"2023-06-14T15:21:22+00:00","breadcrumb":{"@id":"https:\/\/roletypoziome.pl\/produkt\/premium-horizontal-roman-blind\/#breadcrumb"},"inLanguage":"en-GB","potentialAction":[{"@type":"ReadAction","target":["https:\/\/roletypoziome.pl\/produkt\/premium-horizontal-roman-blind\/"]}]},{"@type":"ImageObject","inLanguage":"en-GB","@id":"https:\/\/roletypoziome.pl\/produkt\/premium-horizontal-roman-blind\/#primaryimage","url":"https:\/\/roletypoziome.pl\/wp-content\/uploads\/2023\/05\/roleta-rzymska-pozioma-premium-1.jpeg","contentUrl":"https:\/\/roletypoziome.pl\/wp-content\/uploads\/2023\/05\/roleta-rzymska-pozioma-premium-1.jpeg","width":600,"height":600,"caption":"Roleta rzymska pozioma premium"},{"@type":"BreadcrumbList","@id":"https:\/\/roletypoziome.pl\/produkt\/premium-horizontal-roman-blind\/#breadcrumb","itemListElement":[{"@type":"ListItem","position":1,"name":"Strona g\u0142\u00f3wna","item":"https:\/\/roletypoziome.pl\/"},{"@type":"ListItem","position":2,"name":"Sklep","item":"https:\/\/roletypoziome.pl\/sklep\/"},{"@type":"ListItem","position":3,"name":"Premium horizontal Roman blind"}]},{"@type":"WebSite","@id":"https:\/\/roletypoziome.pl\/#website","url":"https:\/\/roletypoziome.pl\/","name":"Rolety poziome rzymskie rozwijane rozsuwane dachy pergotendy","description":"Rolety poziome rzymskie rozwijane rozsuwane dachy pergotendy Level Rafa\u0142 Krymski","publisher":{"@id":"https:\/\/roletypoziome.pl\/#organization"},"potentialAction":[{"@type":"SearchAction","target":{"@type":"EntryPoint","urlTemplate":"https:\/\/roletypoziome.pl\/?s={search_term_string}"},"query-input":{"@type":"PropertyValueSpecification","valueRequired":true,"valueName":"search_term_string"}}],"inLanguage":"en-GB"},{"@type":"Organization","@id":"https:\/\/roletypoziome.pl\/#organization","name":"Rolety poziome rzymskie przesuwane zadaszenia","url":"https:\/\/roletypoziome.pl\/","logo":{"@type":"ImageObject","inLanguage":"en-GB","@id":"https:\/\/roletypoziome.pl\/#\/schema\/logo\/image\/","url":"https:\/\/roletypoziome.pl\/wp-content\/uploads\/2022\/04\/Logo-roletypoziome.pl_.png","contentUrl":"https:\/\/roletypoziome.pl\/wp-content\/uploads\/2022\/04\/Logo-roletypoziome.pl_.png","width":500,"height":500,"caption":"Rolety poziome rzymskie przesuwane zadaszenia"},"image":{"@id":"https:\/\/roletypoziome.pl\/#\/schema\/logo\/image\/"}}]}},"_links":{"self":[{"href":"https:\/\/roletypoziome.pl\/en\/wp-json\/wp\/v2\/product\/1478","targetHints":{"allow":["GET"]}}],"collection":[{"href":"https:\/\/roletypoziome.pl\/en\/wp-json\/wp\/v2\/product"}],"about":[{"href":"https:\/\/roletypoziome.pl\/en\/wp-json\/wp\/v2\/types\/product"}],"wp:featuredmedia":[{"embeddable":true,"href":"https:\/\/roletypoziome.pl\/en\/wp-json\/wp\/v2\/media\/1430"}],"wp:attachment":[{"href":"https:\/\/roletypoziome.pl\/en\/wp-json\/wp\/v2\/media?parent=1478"}],"wp:term":[{"taxonomy":"product_brand","embeddable":true,"href":"https:\/\/roletypoziome.pl\/en\/wp-json\/wp\/v2\/product_brand?post=1478"},{"taxonomy":"product_cat","embeddable":true,"href":"https:\/\/roletypoziome.pl\/en\/wp-json\/wp\/v2\/product_cat?post=1478"},{"taxonomy":"product_tag","embeddable":true,"href":"https:\/\/roletypoziome.pl\/en\/wp-json\/wp\/v2\/product_tag?post=1478"}],"curies":[{"name":"wp","href":"https:\/\/api.w.org\/{rel}","templated":true}]}}